{"id":1448,"date":"2024-04-29T00:28:40","date_gmt":"2024-04-29T00:28:40","guid":{"rendered":"https:\/\/crecertspecialtycoffee.com\/?page_id=1448"},"modified":"2024-04-29T00:29:43","modified_gmt":"2024-04-29T00:29:43","slug":"growers","status":"publish","type":"page","link":"https:\/\/crecertspecialtycoffee.com\/es\/growers\/","title":{"rendered":"Productores"},"content":{"rendered":"\t\t<div data-elementor-type=\"wp-page\" data-elementor-id=\"1448\" class=\"elementor elementor-1448\" data-elementor-post-type=\"page\">\n\t\t\t\t<div class=\"elementor-element elementor-element-e12048c e-con-full e-flex e-con e-parent\" data-id=\"e12048c\" data-element_type=\"container\" data-settings=\"{&quot;background_background&quot;:&quot;classic&quot;}\">\n\t\t\t\t<div class=\"elementor-element elementor-element-f7f8ad2 elementor-widget elementor-widget-spacer\" data-id=\"f7f8ad2\" data-element_type=\"widget\" data-widget_type=\"spacer.default\">\n\t\t\t\t<div class=\"elementor-widget-container\">\n\t\t\t\t\t\t\t<div class=\"elementor-spacer\">\n\t\t\t<div class=\"elementor-spacer-inner\"><\/div>\n\t\t<\/div>\n\t\t\t\t\t\t<\/div>\n\t\t\t\t<\/div>\n\t\t\t\t<\/div>\n\t\t<div class=\"elementor-element elementor-element-2b9cdb5 e-flex e-con-boxed e-con e-parent\" data-id=\"2b9cdb5\" data-element_type=\"container\">\n\t\t\t\t\t<div class=\"e-con-inner\">\n\t\t\t\t<div class=\"elementor-element elementor-element-7e21875 elementor-headline--style-highlight elementor-widget elementor-widget-animated-headline\" data-id=\"7e21875\" data-element_type=\"widget\" data-settings=\"{&quot;highlighted_text&quot;:&quot;sin ellos&quot;,&quot;headline_style&quot;:&quot;highlight&quot;,&quot;marker&quot;:&quot;circle&quot;,&quot;loop&quot;:&quot;yes&quot;,&quot;highlight_animation_duration&quot;:1200,&quot;highlight_iteration_delay&quot;:8000}\" data-widget_type=\"animated-headline.default\">\n\t\t\t\t<div class=\"elementor-widget-container\">\n\t\t\t\t\t\t\t<h3 class=\"elementor-headline\">\n\t\t\t\t\t<span class=\"elementor-headline-plain-text elementor-headline-text-wrapper\">No ser\u00eda posible<\/span>\n\t\t\t\t<span class=\"elementor-headline-dynamic-wrapper elementor-headline-text-wrapper\">\n\t\t\t\t\t<span class=\"elementor-headline-dynamic-text elementor-headline-text-active\">sin ellos<\/span>\n\t\t\t\t<\/span>\n\t\t\t\t<\/h3>\n\t\t\t\t\t\t<\/div>\n\t\t\t\t<\/div>\n\t\t\t\t\t<\/div>\n\t\t\t\t<\/div>\n\t\t<div class=\"elementor-element elementor-element-2248f9a e-flex e-con-boxed e-con e-parent\" data-id=\"2248f9a\" data-element_type=\"container\">\n\t\t\t\t\t<div class=\"e-con-inner\">\n\t\t\t\t<div class=\"elementor-element elementor-element-380af31 elementor-grid-3 elementor-grid-tablet-2 elementor-grid-mobile-1 elementor-posts--thumbnail-top elementor-card-shadow-yes elementor-posts__hover-gradient elementor-widget elementor-widget-posts\" data-id=\"380af31\" data-element_type=\"widget\" data-settings=\"{&quot;pagination_type&quot;:&quot;load_more_infinite_scroll&quot;,&quot;cards_columns&quot;:&quot;3&quot;,&quot;cards_columns_tablet&quot;:&quot;2&quot;,&quot;cards_columns_mobile&quot;:&quot;1&quot;,&quot;cards_row_gap&quot;:{&quot;unit&quot;:&quot;px&quot;,&quot;size&quot;:35,&quot;sizes&quot;:[]},&quot;cards_row_gap_tablet&quot;:{&quot;unit&quot;:&quot;px&quot;,&quot;size&quot;:&quot;&quot;,&quot;sizes&quot;:[]},&quot;cards_row_gap_mobile&quot;:{&quot;unit&quot;:&quot;px&quot;,&quot;size&quot;:&quot;&quot;,&quot;sizes&quot;:[]},&quot;load_more_spinner&quot;:{&quot;value&quot;:&quot;fas fa-spinner&quot;,&quot;library&quot;:&quot;fa-solid&quot;}}\" data-widget_type=\"posts.cards\">\n\t\t\t\t<div class=\"elementor-widget-container\">\n\t\t\t\t\t\t\t<div class=\"elementor-posts-container elementor-posts elementor-posts--skin-cards elementor-grid\" role=\"list\">\n\t\t\t\t<article class=\"elementor-post elementor-grid-item post-1514 productor type-productor status-publish has-post-thumbnail hentry es-ES\" role=\"listitem\">\n\t\t\t<div class=\"elementor-post__card\">\n\t\t\t\t<a class=\"elementor-post__thumbnail__link\" href=\"https:\/\/crecertspecialtycoffee.com\/es\/productor\/ricardo-leguizamo-luz-dary-salazar\/\" tabindex=\"-1\" ><div class=\"elementor-post__thumbnail\"><img fetchpriority=\"high\" decoding=\"async\" width=\"447\" height=\"298\" src=\"https:\/\/crecertspecialtycoffee.com\/wp-content\/uploads\/2024\/04\/DSC0018-11.png\" class=\"attachment-large size-large wp-image-1140\" alt=\"\" srcset=\"https:\/\/crecertspecialtycoffee.com\/wp-content\/uploads\/2024\/04\/DSC0018-11.png 447w, https:\/\/crecertspecialtycoffee.com\/wp-content\/uploads\/2024\/04\/DSC0018-11-300x200.png 300w\" sizes=\"(max-width: 447px) 100vw, 447px\" \/><\/div><\/a>\n\t\t\t\t<div class=\"elementor-post__text\">\n\t\t\t\t<h3 class=\"elementor-post__title\">\n\t\t\t<a href=\"https:\/\/crecertspecialtycoffee.com\/es\/productor\/ricardo-leguizamo-luz-dary-salazar\/\" >\n\t\t\t\tRicardo Leguizamo &#038; Luz Dary Salazar\t\t\t<\/a>\n\t\t<\/h3>\n\t\t\t\t<div class=\"elementor-post__excerpt\">\n\t\t\t<p>\u2615 \u00a1Bienvenidos a Finca La Pe\u00f1a en La Argentina, Huila! \ud83c\udf3f\u2728 Conoce a la familia Leguizamo Salazar, donde todos se ponen manos a la obra<\/p>\n\t\t<\/div>\n\t\t\n\t\t<a class=\"elementor-post__read-more\" href=\"https:\/\/crecertspecialtycoffee.com\/es\/productor\/ricardo-leguizamo-luz-dary-salazar\/\" aria-label=\"M\u00e1s informaci\u00f3n sobre Ricardo Leguizamo &#038; Luz Dary Salazar\" tabindex=\"-1\" >\n\t\t\tVer Productor\t\t<\/a>\n\n\t\t\t\t<\/div>\n\t\t\t\t\t<\/div>\n\t\t<\/article>\n\t\t\t\t<article class=\"elementor-post elementor-grid-item post-1515 productor type-productor status-publish has-post-thumbnail hentry es-ES\" role=\"listitem\">\n\t\t\t<div class=\"elementor-post__card\">\n\t\t\t\t<a class=\"elementor-post__thumbnail__link\" href=\"https:\/\/crecertspecialtycoffee.com\/es\/productor\/eliecer-perdomo\/\" tabindex=\"-1\" ><div class=\"elementor-post__thumbnail\"><img decoding=\"async\" width=\"398\" height=\"530\" src=\"https:\/\/crecertspecialtycoffee.com\/wp-content\/uploads\/2024\/04\/DSC1176-1.png\" class=\"attachment-large size-large wp-image-1138\" alt=\"\" srcset=\"https:\/\/crecertspecialtycoffee.com\/wp-content\/uploads\/2024\/04\/DSC1176-1.png 398w, https:\/\/crecertspecialtycoffee.com\/wp-content\/uploads\/2024\/04\/DSC1176-1-225x300.png 225w\" sizes=\"(max-width: 398px) 100vw, 398px\" \/><\/div><\/a>\n\t\t\t\t<div class=\"elementor-post__text\">\n\t\t\t\t<h3 class=\"elementor-post__title\">\n\t\t\t<a href=\"https:\/\/crecertspecialtycoffee.com\/es\/productor\/eliecer-perdomo\/\" >\n\t\t\t\tEliecer Perdomo y Liliana Hern\u00e1ndez\t\t\t<\/a>\n\t\t<\/h3>\n\t\t\t\t<div class=\"elementor-post__excerpt\">\n\t\t\t<p>\ud83c\udfa5 Bienvenidos a Finca Villa Kell en La Argentina, Huila. Aqu\u00ed, Eliecer Perdomo y Liliana Hern\u00e1ndez trabajan juntos para cultivar caf\u00e9 de especialidad cuidando el<\/p>\n\t\t<\/div>\n\t\t\n\t\t<a class=\"elementor-post__read-more\" href=\"https:\/\/crecertspecialtycoffee.com\/es\/productor\/eliecer-perdomo\/\" aria-label=\"M\u00e1s informaci\u00f3n sobre Eliecer Perdomo y Liliana Hern\u00e1ndez\" tabindex=\"-1\" >\n\t\t\tVer Productor\t\t<\/a>\n\n\t\t\t\t<\/div>\n\t\t\t\t\t<\/div>\n\t\t<\/article>\n\t\t\t\t<article class=\"elementor-post elementor-grid-item post-1520 productor type-productor status-publish has-post-thumbnail hentry es-ES\" role=\"listitem\">\n\t\t\t<div class=\"elementor-post__card\">\n\t\t\t\t<a class=\"elementor-post__thumbnail__link\" href=\"https:\/\/crecertspecialtycoffee.com\/es\/productor\/yaqueline-hernandez\/\" tabindex=\"-1\" ><div class=\"elementor-post__thumbnail\"><img decoding=\"async\" width=\"768\" height=\"1024\" src=\"https:\/\/crecertspecialtycoffee.com\/wp-content\/uploads\/2024\/04\/DSC1092-768x1024.jpg\" class=\"attachment-large size-large wp-image-1840\" alt=\"\" srcset=\"https:\/\/crecertspecialtycoffee.com\/wp-content\/uploads\/2024\/04\/DSC1092-768x1024.jpg 768w, https:\/\/crecertspecialtycoffee.com\/wp-content\/uploads\/2024\/04\/DSC1092-225x300.jpg 225w, https:\/\/crecertspecialtycoffee.com\/wp-content\/uploads\/2024\/04\/DSC1092-1152x1536.jpg 1152w, https:\/\/crecertspecialtycoffee.com\/wp-content\/uploads\/2024\/04\/DSC1092-1536x2048.jpg 1536w, https:\/\/crecertspecialtycoffee.com\/wp-content\/uploads\/2024\/04\/DSC1092-scaled.jpg 1920w\" sizes=\"(max-width: 768px) 100vw, 768px\" \/><\/div><\/a>\n\t\t\t\t<div class=\"elementor-post__text\">\n\t\t\t\t<h3 class=\"elementor-post__title\">\n\t\t\t<a href=\"https:\/\/crecertspecialtycoffee.com\/es\/productor\/yaqueline-hernandez\/\" >\n\t\t\t\tYaqueline Hernandez\t\t\t<\/a>\n\t\t<\/h3>\n\t\t\t\t<div class=\"elementor-post__excerpt\">\n\t\t\t<p>Yaqueline Hernandez, productora y gerente de Crecert Specialty Coffee, lidera una comunidad de familias caficultoras con la visi\u00f3n de transformar la cultura cafetera, promoviendo el<\/p>\n\t\t<\/div>\n\t\t\n\t\t<a class=\"elementor-post__read-more\" href=\"https:\/\/crecertspecialtycoffee.com\/es\/productor\/yaqueline-hernandez\/\" aria-label=\"M\u00e1s informaci\u00f3n sobre Yaqueline Hernandez\" tabindex=\"-1\" >\n\t\t\tVer Productor\t\t<\/a>\n\n\t\t\t\t<\/div>\n\t\t\t\t\t<\/div>\n\t\t<\/article>\n\t\t\t\t<article class=\"elementor-post elementor-grid-item post-1518 productor type-productor status-publish has-post-thumbnail hentry es-ES\" role=\"listitem\">\n\t\t\t<div class=\"elementor-post__card\">\n\t\t\t\t<a class=\"elementor-post__thumbnail__link\" href=\"https:\/\/crecertspecialtycoffee.com\/es\/productor\/rodrigo-perafan\/\" tabindex=\"-1\" ><div class=\"elementor-post__thumbnail\"><img loading=\"lazy\" decoding=\"async\" width=\"350\" height=\"466\" src=\"https:\/\/crecertspecialtycoffee.com\/wp-content\/uploads\/2024\/04\/DSC0027-1.png\" class=\"attachment-large size-large wp-image-1132\" alt=\"\" srcset=\"https:\/\/crecertspecialtycoffee.com\/wp-content\/uploads\/2024\/04\/DSC0027-1.png 350w, https:\/\/crecertspecialtycoffee.com\/wp-content\/uploads\/2024\/04\/DSC0027-1-225x300.png 225w\" sizes=\"(max-width: 350px) 100vw, 350px\" \/><\/div><\/a>\n\t\t\t\t<div class=\"elementor-post__text\">\n\t\t\t\t<h3 class=\"elementor-post__title\">\n\t\t\t<a href=\"https:\/\/crecertspecialtycoffee.com\/es\/productor\/rodrigo-perafan\/\" >\n\t\t\t\tRodrigo Peraf\u00e1n\t\t\t<\/a>\n\t\t<\/h3>\n\t\t\t\t<div class=\"elementor-post__excerpt\">\n\t\t\t<p>En la Finca Las Piedras, ubicada en La Argentina, Huila, a 1,725 msnm, Rodrigo Perf\u00e1n cultiva caf\u00e9 de alta calidad y se compromete con el<\/p>\n\t\t<\/div>\n\t\t\n\t\t<a class=\"elementor-post__read-more\" href=\"https:\/\/crecertspecialtycoffee.com\/es\/productor\/rodrigo-perafan\/\" aria-label=\"M\u00e1s informaci\u00f3n sobre Rodrigo Peraf\u00e1n\" tabindex=\"-1\" >\n\t\t\tVer Productor\t\t<\/a>\n\n\t\t\t\t<\/div>\n\t\t\t\t\t<\/div>\n\t\t<\/article>\n\t\t\t\t<article class=\"elementor-post elementor-grid-item post-1517 productor type-productor status-publish has-post-thumbnail hentry es-ES\" role=\"listitem\">\n\t\t\t<div class=\"elementor-post__card\">\n\t\t\t\t<a class=\"elementor-post__thumbnail__link\" href=\"https:\/\/crecertspecialtycoffee.com\/es\/productor\/william-gaviria-ruiz\/\" tabindex=\"-1\" ><div class=\"elementor-post__thumbnail\"><img loading=\"lazy\" decoding=\"async\" width=\"768\" height=\"1024\" src=\"https:\/\/crecertspecialtycoffee.com\/wp-content\/uploads\/2024\/04\/DSC0064-768x1024.jpg\" class=\"attachment-large size-large wp-image-1252\" alt=\"\" srcset=\"https:\/\/crecertspecialtycoffee.com\/wp-content\/uploads\/2024\/04\/DSC0064-768x1024.jpg 768w, https:\/\/crecertspecialtycoffee.com\/wp-content\/uploads\/2024\/04\/DSC0064-225x300.jpg 225w, https:\/\/crecertspecialtycoffee.com\/wp-content\/uploads\/2024\/04\/DSC0064-1152x1536.jpg 1152w, https:\/\/crecertspecialtycoffee.com\/wp-content\/uploads\/2024\/04\/DSC0064-1536x2048.jpg 1536w, https:\/\/crecertspecialtycoffee.com\/wp-content\/uploads\/2024\/04\/DSC0064-scaled.jpg 1920w\" sizes=\"(max-width: 768px) 100vw, 768px\" \/><\/div><\/a>\n\t\t\t\t<div class=\"elementor-post__text\">\n\t\t\t\t<h3 class=\"elementor-post__title\">\n\t\t\t<a href=\"https:\/\/crecertspecialtycoffee.com\/es\/productor\/william-gaviria-ruiz\/\" >\n\t\t\t\tWilliam Gaviria Ruiz y Ofelia Meneces\t\t\t<\/a>\n\t\t<\/h3>\n\t\t\t\t<div class=\"elementor-post__excerpt\">\n\t\t\t<p>\ud83c\udf31\u2615 \u00a1Descubre la pasi\u00f3n que hay en cada taza de la Finca de Caf\u00e9 Providencia de William Gaviria y Ofelia Meneses en La Argentina, Huila!<\/p>\n\t\t<\/div>\n\t\t\n\t\t<a class=\"elementor-post__read-more\" href=\"https:\/\/crecertspecialtycoffee.com\/es\/productor\/william-gaviria-ruiz\/\" aria-label=\"M\u00e1s informaci\u00f3n sobre William Gaviria Ruiz y Ofelia Meneces\" tabindex=\"-1\" >\n\t\t\tVer Productor\t\t<\/a>\n\n\t\t\t\t<\/div>\n\t\t\t\t\t<\/div>\n\t\t<\/article>\n\t\t\t\t<article class=\"elementor-post elementor-grid-item post-1516 productor type-productor status-publish has-post-thumbnail hentry es-ES\" role=\"listitem\">\n\t\t\t<div class=\"elementor-post__card\">\n\t\t\t\t<a class=\"elementor-post__thumbnail__link\" href=\"https:\/\/crecertspecialtycoffee.com\/es\/productor\/olmedo-cebay-caldon\/\" tabindex=\"-1\" ><div class=\"elementor-post__thumbnail\"><img loading=\"lazy\" decoding=\"async\" width=\"346\" height=\"273\" src=\"https:\/\/crecertspecialtycoffee.com\/wp-content\/uploads\/2024\/04\/DSC1121-1.png\" class=\"attachment-large size-large wp-image-1136\" alt=\"\" srcset=\"https:\/\/crecertspecialtycoffee.com\/wp-content\/uploads\/2024\/04\/DSC1121-1.png 346w, https:\/\/crecertspecialtycoffee.com\/wp-content\/uploads\/2024\/04\/DSC1121-1-300x237.png 300w\" sizes=\"(max-width: 346px) 100vw, 346px\" \/><\/div><\/a>\n\t\t\t\t<div class=\"elementor-post__text\">\n\t\t\t\t<h3 class=\"elementor-post__title\">\n\t\t\t<a href=\"https:\/\/crecertspecialtycoffee.com\/es\/productor\/olmedo-cebay-caldon\/\" >\n\t\t\t\tOlmedo Cebay Caldon\t\t\t<\/a>\n\t\t<\/h3>\n\t\t\t\t<div class=\"elementor-post__excerpt\">\n\t\t\t<p>\ud83c\udfa5\u2728 En Finca Finlandia, Olmedo Cebay produce caf\u00e9 de especialidad de alta calidad en la vereda Las Mercedes de La Plata, Huila. Como caficultor de<\/p>\n\t\t<\/div>\n\t\t\n\t\t<a class=\"elementor-post__read-more\" href=\"https:\/\/crecertspecialtycoffee.com\/es\/productor\/olmedo-cebay-caldon\/\" aria-label=\"M\u00e1s informaci\u00f3n sobre Olmedo Cebay Caldon\" tabindex=\"-1\" >\n\t\t\tVer Productor\t\t<\/a>\n\n\t\t\t\t<\/div>\n\t\t\t\t\t<\/div>\n\t\t<\/article>\n\t\t\t\t<article class=\"elementor-post elementor-grid-item post-1703 productor type-productor status-publish has-post-thumbnail hentry es-ES\" role=\"listitem\">\n\t\t\t<div class=\"elementor-post__card\">\n\t\t\t\t<a class=\"elementor-post__thumbnail__link\" href=\"https:\/\/crecertspecialtycoffee.com\/es\/productor\/arcenio-hernandez-y-waldina-alban\/\" tabindex=\"-1\" ><div class=\"elementor-post__thumbnail\"><img loading=\"lazy\" decoding=\"async\" width=\"382\" height=\"510\" src=\"https:\/\/crecertspecialtycoffee.com\/wp-content\/uploads\/2024\/04\/DSC0073-11.png\" class=\"attachment-large size-large wp-image-1127\" alt=\"arcenio y waldina alban\" srcset=\"https:\/\/crecertspecialtycoffee.com\/wp-content\/uploads\/2024\/04\/DSC0073-11.png 382w, https:\/\/crecertspecialtycoffee.com\/wp-content\/uploads\/2024\/04\/DSC0073-11-225x300.png 225w\" sizes=\"(max-width: 382px) 100vw, 382px\" \/><\/div><\/a>\n\t\t\t\t<div class=\"elementor-post__text\">\n\t\t\t\t<h3 class=\"elementor-post__title\">\n\t\t\t<a href=\"https:\/\/crecertspecialtycoffee.com\/es\/productor\/arcenio-hernandez-y-waldina-alban\/\" >\n\t\t\t\tArcenio Hernandez y Waldina Alban\t\t\t<\/a>\n\t\t<\/h3>\n\t\t\t\t<div class=\"elementor-post__excerpt\">\n\t\t\t<p>En la Finca Los Pinos, ubicada en La Plata, Huila, a 1,800 msnm, Arcenio Hern\u00e1ndez y Waldina Alb\u00e1n producen caf\u00e9 de alta calidad de distintos<\/p>\n\t\t<\/div>\n\t\t\n\t\t<a class=\"elementor-post__read-more\" href=\"https:\/\/crecertspecialtycoffee.com\/es\/productor\/arcenio-hernandez-y-waldina-alban\/\" aria-label=\"M\u00e1s informaci\u00f3n sobre Arcenio Hernandez y Waldina Alban\" tabindex=\"-1\" >\n\t\t\tVer Productor\t\t<\/a>\n\n\t\t\t\t<\/div>\n\t\t\t\t\t<\/div>\n\t\t<\/article>\n\t\t\t\t<article class=\"elementor-post elementor-grid-item post-1880 productor type-productor status-publish has-post-thumbnail hentry es-ES\" role=\"listitem\">\n\t\t\t<div class=\"elementor-post__card\">\n\t\t\t\t<a class=\"elementor-post__thumbnail__link\" href=\"https:\/\/crecertspecialtycoffee.com\/es\/productor\/fabier-oidor-jaihyo-coffee\/\" tabindex=\"-1\" ><div class=\"elementor-post__thumbnail\"><img loading=\"lazy\" decoding=\"async\" width=\"800\" height=\"450\" src=\"https:\/\/crecertspecialtycoffee.com\/wp-content\/uploads\/2024\/11\/DSC0186-1024x576.jpg\" class=\"attachment-large size-large wp-image-1839\" alt=\"\" srcset=\"https:\/\/crecertspecialtycoffee.com\/wp-content\/uploads\/2024\/11\/DSC0186-1024x576.jpg 1024w, https:\/\/crecertspecialtycoffee.com\/wp-content\/uploads\/2024\/11\/DSC0186-300x169.jpg 300w, https:\/\/crecertspecialtycoffee.com\/wp-content\/uploads\/2024\/11\/DSC0186-768x432.jpg 768w, https:\/\/crecertspecialtycoffee.com\/wp-content\/uploads\/2024\/11\/DSC0186-1536x864.jpg 1536w, https:\/\/crecertspecialtycoffee.com\/wp-content\/uploads\/2024\/11\/DSC0186-2048x1153.jpg 2048w\" sizes=\"(max-width: 800px) 100vw, 800px\" \/><\/div><\/a>\n\t\t\t\t<div class=\"elementor-post__text\">\n\t\t\t\t<h3 class=\"elementor-post__title\">\n\t\t\t<a href=\"https:\/\/crecertspecialtycoffee.com\/es\/productor\/fabier-oidor-jaihyo-coffee\/\" >\n\t\t\t\tFabier Oidor: Jaihyo Coffee\t\t\t<\/a>\n\t\t<\/h3>\n\t\t\t\t<div class=\"elementor-post__excerpt\">\n\t\t\t<p>En la Vereda La Esperanza de La Plata, Huila a 1,600 msnm, se encuentra Jaihyo Coffee, el sue\u00f1o de Fabier Oidor, un caficultor de toda<\/p>\n\t\t<\/div>\n\t\t\n\t\t<a class=\"elementor-post__read-more\" href=\"https:\/\/crecertspecialtycoffee.com\/es\/productor\/fabier-oidor-jaihyo-coffee\/\" aria-label=\"M\u00e1s informaci\u00f3n sobre Fabier Oidor: Jaihyo Coffee\" tabindex=\"-1\" >\n\t\t\tVer Productor\t\t<\/a>\n\n\t\t\t\t<\/div>\n\t\t\t\t\t<\/div>\n\t\t<\/article>\n\t\t\t\t<article class=\"elementor-post elementor-grid-item post-1896 productor type-productor status-publish has-post-thumbnail hentry es-ES\" role=\"listitem\">\n\t\t\t<div class=\"elementor-post__card\">\n\t\t\t\t<a class=\"elementor-post__thumbnail__link\" href=\"https:\/\/crecertspecialtycoffee.com\/es\/productor\/maria-daisa-sanchez-y-jose-caldon\/\" tabindex=\"-1\" ><div class=\"elementor-post__thumbnail\"><img loading=\"lazy\" decoding=\"async\" width=\"576\" height=\"1024\" src=\"https:\/\/crecertspecialtycoffee.com\/wp-content\/uploads\/2024\/11\/DSC0218-576x1024.jpg\" class=\"attachment-large size-large wp-image-1812\" alt=\"\" srcset=\"https:\/\/crecertspecialtycoffee.com\/wp-content\/uploads\/2024\/11\/DSC0218-576x1024.jpg 576w, https:\/\/crecertspecialtycoffee.com\/wp-content\/uploads\/2024\/11\/DSC0218-169x300.jpg 169w, https:\/\/crecertspecialtycoffee.com\/wp-content\/uploads\/2024\/11\/DSC0218-768x1365.jpg 768w, https:\/\/crecertspecialtycoffee.com\/wp-content\/uploads\/2024\/11\/DSC0218-864x1536.jpg 864w, https:\/\/crecertspecialtycoffee.com\/wp-content\/uploads\/2024\/11\/DSC0218-1153x2048.jpg 1153w, https:\/\/crecertspecialtycoffee.com\/wp-content\/uploads\/2024\/11\/DSC0218.jpg 1407w\" sizes=\"(max-width: 576px) 100vw, 576px\" \/><\/div><\/a>\n\t\t\t\t<div class=\"elementor-post__text\">\n\t\t\t\t<h3 class=\"elementor-post__title\">\n\t\t\t<a href=\"https:\/\/crecertspecialtycoffee.com\/es\/productor\/maria-daisa-sanchez-y-jose-caldon\/\" >\n\t\t\t\tMaria Daisa Sanchez y Jos\u00e9 Cald\u00f3n\t\t\t<\/a>\n\t\t<\/h3>\n\t\t\t\t<div class=\"elementor-post__excerpt\">\n\t\t\t<p>En la vereda Alto Ca\u00f1ada de La Plata, Huila, Mar\u00eda Deisa S\u00e1nchez y Jos\u00e9 Cald\u00f3n han construido su vida alrededor del caf\u00e9 en Finca Buena<\/p>\n\t\t<\/div>\n\t\t\n\t\t<a class=\"elementor-post__read-more\" href=\"https:\/\/crecertspecialtycoffee.com\/es\/productor\/maria-daisa-sanchez-y-jose-caldon\/\" aria-label=\"M\u00e1s informaci\u00f3n sobre Maria Daisa Sanchez y Jos\u00e9 Cald\u00f3n\" tabindex=\"-1\" >\n\t\t\tVer Productor\t\t<\/a>\n\n\t\t\t\t<\/div>\n\t\t\t\t\t<\/div>\n\t\t<\/article>\n\t\t\t\t<article class=\"elementor-post elementor-grid-item post-1897 productor type-productor status-publish has-post-thumbnail hentry es-ES\" role=\"listitem\">\n\t\t\t<div class=\"elementor-post__card\">\n\t\t\t\t<a class=\"elementor-post__thumbnail__link\" href=\"https:\/\/crecertspecialtycoffee.com\/es\/productor\/gildardo-ucue-y-marielita-oidor\/\" tabindex=\"-1\" ><div class=\"elementor-post__thumbnail\"><img loading=\"lazy\" decoding=\"async\" width=\"800\" height=\"534\" src=\"https:\/\/crecertspecialtycoffee.com\/wp-content\/uploads\/2024\/11\/DSC0111-1024x683.jpg\" class=\"attachment-large size-large wp-image-1801\" alt=\"\" srcset=\"https:\/\/crecertspecialtycoffee.com\/wp-content\/uploads\/2024\/11\/DSC0111-1024x683.jpg 1024w, https:\/\/crecertspecialtycoffee.com\/wp-content\/uploads\/2024\/11\/DSC0111-300x200.jpg 300w, https:\/\/crecertspecialtycoffee.com\/wp-content\/uploads\/2024\/11\/DSC0111-768x512.jpg 768w, https:\/\/crecertspecialtycoffee.com\/wp-content\/uploads\/2024\/11\/DSC0111-1536x1024.jpg 1536w, https:\/\/crecertspecialtycoffee.com\/wp-content\/uploads\/2024\/11\/DSC0111-2048x1366.jpg 2048w\" sizes=\"(max-width: 800px) 100vw, 800px\" \/><\/div><\/a>\n\t\t\t\t<div class=\"elementor-post__text\">\n\t\t\t\t<h3 class=\"elementor-post__title\">\n\t\t\t<a href=\"https:\/\/crecertspecialtycoffee.com\/es\/productor\/gildardo-ucue-y-marielita-oidor\/\" >\n\t\t\t\tGildardo Ucue y Marielita Oidor\t\t\t<\/a>\n\t\t<\/h3>\n\t\t\t\t<div class=\"elementor-post__excerpt\">\n\t\t\t<p>En la finca Los Eucaliptos, Gildardo Ucue y Marielita Oidor est\u00e1n revolucionando la producci\u00f3n de caf\u00e9 especial. Con procesos de fermentaci\u00f3n prolongada que abarcan entre<\/p>\n\t\t<\/div>\n\t\t\n\t\t<a class=\"elementor-post__read-more\" href=\"https:\/\/crecertspecialtycoffee.com\/es\/productor\/gildardo-ucue-y-marielita-oidor\/\" aria-label=\"M\u00e1s informaci\u00f3n sobre Gildardo Ucue y Marielita Oidor\" tabindex=\"-1\" >\n\t\t\tVer Productor\t\t<\/a>\n\n\t\t\t\t<\/div>\n\t\t\t\t\t<\/div>\n\t\t<\/article>\n\t\t\t\t<\/div>\n\t\t\t\t\t<span class=\"e-load-more-spinner\">\n\t\t\t\t<svg aria-hidden=\"true\" class=\"e-font-icon-svg e-fas-spinner\" viewBox=\"0 0 512 512\" xmlns=\"http:\/\/www.w3.org\/2000\/svg\"><path d=\"M304 48c0 26.51-21.49 48-48 48s-48-21.49-48-48 21.49-48 48-48 48 21.49 48 48zm-48 368c-26.51 0-48 21.49-48 48s21.49 48 48 48 48-21.49 48-48-21.49-48-48-48zm208-208c-26.51 0-48 21.49-48 48s21.49 48 48 48 48-21.49 48-48-21.49-48-48-48zM96 256c0-26.51-21.49-48-48-48S0 229.49 0 256s21.49 48 48 48 48-21.49 48-48zm12.922 99.078c-26.51 0-48 21.49-48 48s21.49 48 48 48 48-21.49 48-48c0-26.509-21.491-48-48-48zm294.156 0c-26.51 0-48 21.49-48 48s21.49 48 48 48 48-21.49 48-48c0-26.509-21.49-48-48-48zM108.922 60.922c-26.51 0-48 21.49-48 48s21.49 48 48 48 48-21.49 48-48-21.491-48-48-48z\"><\/path><\/svg>\t\t\t<\/span>\n\t\t\n\t\t\t\t<div class=\"e-load-more-anchor\" data-page=\"1\" data-max-page=\"2\" data-next-page=\"https:\/\/crecertspecialtycoffee.com\/es\/wp-json\/wp\/v2\/pages\/1448\/page\/2\/\"><\/div>\n\t\t\t\t<div class=\"e-load-more-message\"><\/div>\n\t\t\t\t\t\t<\/div>\n\t\t\t\t<\/div>\n\t\t\t\t\t<\/div>\n\t\t\t\t<\/div>\n\t\t\t\t<\/div>\n\t\t","protected":false},"excerpt":{"rendered":"<p>No ser\u00eda posible sin ellos<\/p>\n","protected":false},"author":1,"featured_media":0,"parent":0,"menu_order":0,"comment_status":"closed","ping_status":"closed","template":"elementor_header_footer","meta":{"_acf_changed":false,"_locale":"es_ES","_original_post":"https:\/\/crecertspecialtycoffee.com\/?page_id=22","iawp_total_views":71,"footnotes":""},"class_list":["post-1448","page","type-page","status-publish","hentry","es-ES"],"acf":[],"_links":{"self":[{"href":"https:\/\/crecertspecialtycoffee.com\/wp-json\/wp\/v2\/pages\/1448","targetHints":{"allow":["GET"]}}],"collection":[{"href":"https:\/\/crecertspecialtycoffee.com\/wp-json\/wp\/v2\/pages"}],"about":[{"href":"https:\/\/crecertspecialtycoffee.com\/wp-json\/wp\/v2\/types\/page"}],"author":[{"embeddable":true,"href":"https:\/\/crecertspecialtycoffee.com\/wp-json\/wp\/v2\/users\/1"}],"replies":[{"embeddable":true,"href":"https:\/\/crecertspecialtycoffee.com\/wp-json\/wp\/v2\/comments?post=1448"}],"version-history":[{"count":4,"href":"https:\/\/crecertspecialtycoffee.com\/wp-json\/wp\/v2\/pages\/1448\/revisions"}],"predecessor-version":[{"id":1452,"href":"https:\/\/crecertspecialtycoffee.com\/wp-json\/wp\/v2\/pages\/1448\/revisions\/1452"}],"wp:attachment":[{"href":"https:\/\/crecertspecialtycoffee.com\/wp-json\/wp\/v2\/media?parent=1448"}],"curies":[{"name":"wp","href":"https:\/\/api.w.org\/{rel}","templated":true}]}}