{"id":1453,"date":"2024-04-29T00:31:28","date_gmt":"2024-04-29T00:31:28","guid":{"rendered":"https:\/\/crecertspecialtycoffee.com\/?page_id=1453"},"modified":"2025-09-25T00:00:30","modified_gmt":"2025-09-25T00:00:30","slug":"green-coffee","status":"publish","type":"page","link":"https:\/\/crecertspecialtycoffee.com\/es\/green-coffee\/","title":{"rendered":"Caf\u00e9 Verde"},"content":{"rendered":"\t\t<div data-elementor-type=\"wp-page\" data-elementor-id=\"1453\" class=\"elementor elementor-1453\" data-elementor-post-type=\"page\">\n\t\t\t\t<div class=\"elementor-element elementor-element-1cbb740b e-con-full e-flex e-con e-parent\" data-id=\"1cbb740b\" data-element_type=\"container\" data-settings=\"{&quot;background_background&quot;:&quot;classic&quot;}\">\n\t\t<div class=\"elementor-element elementor-element-6360ebc5 e-con-full e-flex e-con e-child\" data-id=\"6360ebc5\" data-element_type=\"container\">\n\t\t<div class=\"elementor-element elementor-element-53f57687 e-con-full e-flex e-con e-child\" data-id=\"53f57687\" data-element_type=\"container\">\n\t\t\t\t<div class=\"elementor-element elementor-element-7bded38a elementor-widget elementor-widget-heading\" data-id=\"7bded38a\" data-element_type=\"widget\" data-widget_type=\"heading.default\">\n\t\t\t\t<div class=\"elementor-widget-container\">\n\t\t\t\t\t<h2 class=\"elementor-heading-title elementor-size-default\">Lleva tu negocio al siguiente nivel<\/h2>\t\t\t\t<\/div>\n\t\t\t\t<\/div>\n\t\t\t\t<div class=\"elementor-element elementor-element-13a7f2d5 elementor-widget elementor-widget-text-editor\" data-id=\"13a7f2d5\" data-element_type=\"widget\" data-widget_type=\"text-editor.default\">\n\t\t\t\t<div class=\"elementor-widget-container\">\n\t\t\t\t\t\t\t\t\t<div class=\"flex flex-grow flex-col max-w-full\"><div class=\"min-h-[20px] text-message flex flex-col items-start gap-3 whitespace-pre-wrap break-words [.text-message+&amp;]:mt-5 overflow-x-auto\" dir=\"auto\" data-message-author-role=\"assistant\" data-message-id=\"6bd1b213-4e7e-4e88-9717-ed9e9f29909d\"><div class=\"markdown prose w-full break-words dark:prose-invert light\"><p>Al seleccionar nuestros cultivos, das un paso crucial para enriquecer tu mercado con calidad superior mientras fomentas la sostenibilidad en su origen. Esta elecci\u00f3n refleja un profundo compromiso con la excelencia y la responsabilidad ambiental, marcando una diferencia tangible donde m\u00e1s se necesita.<\/p><\/div><\/div><\/div>\t\t\t\t\t\t\t\t<\/div>\n\t\t\t\t<\/div>\n\t\t\t\t<\/div>\n\t\t<div class=\"elementor-element elementor-element-5bd3df72 e-con-full e-flex e-con e-child\" data-id=\"5bd3df72\" data-element_type=\"container\">\n\t\t\t\t<div class=\"elementor-element elementor-element-1cea4b2 elementor-tablet-align-center elementor-mobile-align-justify elementor-widget-tablet__width-initial elementor-widget-mobile__width-inherit elementor-widget elementor-widget-button\" data-id=\"1cea4b2\" data-element_type=\"widget\" data-widget_type=\"button.default\">\n\t\t\t\t<div class=\"elementor-widget-container\">\n\t\t\t\t\t\t\t\t\t<div class=\"elementor-button-wrapper\">\n\t\t\t\t\t<a class=\"elementor-button elementor-button-link elementor-size-lg\" href=\"https:\/\/crecertspecialtycoffee.com\/es\/green-coffee\/#coffees\">\n\t\t\t\t\t\t<span class=\"elementor-button-content-wrapper\">\n\t\t\t\t\t\t\t\t\t<span class=\"elementor-button-text\">Descubre nuestros caf\u00e9s<\/span>\n\t\t\t\t\t<\/span>\n\t\t\t\t\t<\/a>\n\t\t\t\t<\/div>\n\t\t\t\t\t\t\t\t<\/div>\n\t\t\t\t<\/div>\n\t\t\t\t<\/div>\n\t\t\t\t<\/div>\n\t\t<div class=\"elementor-element elementor-element-5887d53a e-con-full e-flex e-con e-child\" data-id=\"5887d53a\" data-element_type=\"container\" data-settings=\"{&quot;background_background&quot;:&quot;classic&quot;}\">\n\t\t\t\t<\/div>\n\t\t\t\t<\/div>\n\t\t<div class=\"elementor-element elementor-element-b87831d e-flex e-con-boxed e-con e-parent\" data-id=\"b87831d\" data-element_type=\"container\">\n\t\t\t\t\t<div class=\"e-con-inner\">\n\t\t\t\t<div class=\"elementor-element elementor-element-1ba068f elementor-widget elementor-widget-menu-anchor\" data-id=\"1ba068f\" data-element_type=\"widget\" data-widget_type=\"menu-anchor.default\">\n\t\t\t\t<div class=\"elementor-widget-container\">\n\t\t\t\t\t\t\t<div class=\"elementor-menu-anchor\" id=\"coffees\"><\/div>\n\t\t\t\t\t\t<\/div>\n\t\t\t\t<\/div>\n\t\t\t\t<div class=\"elementor-element elementor-element-5a274f4 elementor-grid-3 elementor-grid-tablet-2 elementor-grid-mobile-1 elementor-posts--thumbnail-top elementor-card-shadow-yes elementor-posts__hover-gradient elementor-widget elementor-widget-posts\" data-id=\"5a274f4\" data-element_type=\"widget\" data-settings=\"{&quot;pagination_type&quot;:&quot;load_more_infinite_scroll&quot;,&quot;motion_fx_motion_fx_scrolling&quot;:&quot;yes&quot;,&quot;motion_fx_translateY_effect&quot;:&quot;yes&quot;,&quot;cards_columns&quot;:&quot;3&quot;,&quot;cards_columns_tablet&quot;:&quot;2&quot;,&quot;cards_columns_mobile&quot;:&quot;1&quot;,&quot;cards_row_gap&quot;:{&quot;unit&quot;:&quot;px&quot;,&quot;size&quot;:35,&quot;sizes&quot;:[]},&quot;cards_row_gap_tablet&quot;:{&quot;unit&quot;:&quot;px&quot;,&quot;size&quot;:&quot;&quot;,&quot;sizes&quot;:[]},&quot;cards_row_gap_mobile&quot;:{&quot;unit&quot;:&quot;px&quot;,&quot;size&quot;:&quot;&quot;,&quot;sizes&quot;:[]},&quot;load_more_spinner&quot;:{&quot;value&quot;:&quot;fas fa-spinner&quot;,&quot;library&quot;:&quot;fa-solid&quot;},&quot;motion_fx_translateY_speed&quot;:{&quot;unit&quot;:&quot;px&quot;,&quot;size&quot;:4,&quot;sizes&quot;:[]},&quot;motion_fx_translateY_affectedRange&quot;:{&quot;unit&quot;:&quot;%&quot;,&quot;size&quot;:&quot;&quot;,&quot;sizes&quot;:{&quot;start&quot;:0,&quot;end&quot;:100}},&quot;motion_fx_devices&quot;:[&quot;desktop&quot;,&quot;tablet&quot;,&quot;mobile&quot;]}\" data-widget_type=\"posts.cards\">\n\t\t\t\t<div class=\"elementor-widget-container\">\n\t\t\t\t\t\t\t<div class=\"elementor-posts-container elementor-posts elementor-posts--skin-cards elementor-grid\" role=\"list\">\n\t\t\t\t<article class=\"elementor-post elementor-grid-item post-1501 coffee type-coffee status-publish format-standard has-post-thumbnail hentry es-ES\" role=\"listitem\">\n\t\t\t<div class=\"elementor-post__card\">\n\t\t\t\t<a class=\"elementor-post__thumbnail__link\" href=\"https:\/\/crecertspecialtycoffee.com\/es\/coffee\/dawn\/\" tabindex=\"-1\" ><div class=\"elementor-post__thumbnail\"><img fetchpriority=\"high\" decoding=\"async\" width=\"768\" height=\"451\" src=\"https:\/\/crecertspecialtycoffee.com\/wp-content\/uploads\/2024\/04\/Screenshot-2025-09-24-at-12.44.30\u202fPM-768x451.png\" class=\"attachment-medium_large size-medium_large wp-image-2070\" alt=\"\" srcset=\"https:\/\/crecertspecialtycoffee.com\/wp-content\/uploads\/2024\/04\/Screenshot-2025-09-24-at-12.44.30\u202fPM-768x451.png 768w, https:\/\/crecertspecialtycoffee.com\/wp-content\/uploads\/2024\/04\/Screenshot-2025-09-24-at-12.44.30\u202fPM-300x176.png 300w, https:\/\/crecertspecialtycoffee.com\/wp-content\/uploads\/2024\/04\/Screenshot-2025-09-24-at-12.44.30\u202fPM-1024x602.png 1024w, https:\/\/crecertspecialtycoffee.com\/wp-content\/uploads\/2024\/04\/Screenshot-2025-09-24-at-12.44.30\u202fPM.png 1518w\" sizes=\"(max-width: 768px) 100vw, 768px\" \/><\/div><\/a>\n\t\t\t\t<div class=\"elementor-post__text\">\n\t\t\t\t<h3 class=\"elementor-post__title\">\n\t\t\t<a href=\"https:\/\/crecertspecialtycoffee.com\/es\/coffee\/dawn\/\" >\n\t\t\t\tAmanecer\t\t\t<\/a>\n\t\t<\/h3>\n\t\t\t\t<div class=\"elementor-post__excerpt\">\n\t\t\t<p>La L\u00ednea Amanecer Amanecer presenta caf\u00e9s de origen \u00fanico (single origen) de fincas en La Argentina y N\u00e1taga, Huila, regiones con perfiles brillantes y c\u00edtricos.<\/p>\n\t\t<\/div>\n\t\t\t\t\t<div class=\"elementor-post__read-more-wrapper\">\n\t\t\n\t\t<a class=\"elementor-post__read-more\" href=\"https:\/\/crecertspecialtycoffee.com\/es\/coffee\/dawn\/\" aria-label=\"M\u00e1s informaci\u00f3n sobre Amanecer\" tabindex=\"-1\" >\n\t\t\tConoce m\u00e1s\t\t<\/a>\n\n\t\t\t\t\t<\/div>\n\t\t\t\t<\/div>\n\t\t\t\t\t<\/div>\n\t\t<\/article>\n\t\t\t\t<article class=\"elementor-post elementor-grid-item post-1506 coffee type-coffee status-publish format-standard has-post-thumbnail hentry es-ES\" role=\"listitem\">\n\t\t\t<div class=\"elementor-post__card\">\n\t\t\t\t<a class=\"elementor-post__thumbnail__link\" href=\"https:\/\/crecertspecialtycoffee.com\/es\/coffee\/cafe-2\/\" tabindex=\"-1\" ><div class=\"elementor-post__thumbnail\"><img decoding=\"async\" width=\"768\" height=\"451\" src=\"https:\/\/crecertspecialtycoffee.com\/wp-content\/uploads\/2024\/04\/Screenshot-2025-09-24-at-12.44.48\u202fPM-768x451.png\" class=\"attachment-medium_large size-medium_large wp-image-2071\" alt=\"\" srcset=\"https:\/\/crecertspecialtycoffee.com\/wp-content\/uploads\/2024\/04\/Screenshot-2025-09-24-at-12.44.48\u202fPM-768x451.png 768w, https:\/\/crecertspecialtycoffee.com\/wp-content\/uploads\/2024\/04\/Screenshot-2025-09-24-at-12.44.48\u202fPM-300x176.png 300w, https:\/\/crecertspecialtycoffee.com\/wp-content\/uploads\/2024\/04\/Screenshot-2025-09-24-at-12.44.48\u202fPM-1024x602.png 1024w, https:\/\/crecertspecialtycoffee.com\/wp-content\/uploads\/2024\/04\/Screenshot-2025-09-24-at-12.44.48\u202fPM.png 1518w\" sizes=\"(max-width: 768px) 100vw, 768px\" \/><\/div><\/a>\n\t\t\t\t<div class=\"elementor-post__text\">\n\t\t\t\t<h3 class=\"elementor-post__title\">\n\t\t\t<a href=\"https:\/\/crecertspecialtycoffee.com\/es\/coffee\/cafe-2\/\" >\n\t\t\t\tAtardecer\t\t\t<\/a>\n\t\t<\/h3>\n\t\t\t\t<div class=\"elementor-post__excerpt\">\n\t\t\t<p>La L\u00ednea Atardecer Atardecer presenta caf\u00e9s de origen \u00fanico (single origin) de fincas en La Plata y Paicol, Huila, regiones que promueven dulzura y complejidad.<\/p>\n\t\t<\/div>\n\t\t\t\t\t<div class=\"elementor-post__read-more-wrapper\">\n\t\t\n\t\t<a class=\"elementor-post__read-more\" href=\"https:\/\/crecertspecialtycoffee.com\/es\/coffee\/cafe-2\/\" aria-label=\"M\u00e1s informaci\u00f3n sobre Atardecer\" tabindex=\"-1\" >\n\t\t\tConoce m\u00e1s\t\t<\/a>\n\n\t\t\t\t\t<\/div>\n\t\t\t\t<\/div>\n\t\t\t\t\t<\/div>\n\t\t<\/article>\n\t\t\t\t<article class=\"elementor-post elementor-grid-item post-1508 coffee type-coffee status-publish format-standard has-post-thumbnail hentry es-ES\" role=\"listitem\">\n\t\t\t<div class=\"elementor-post__card\">\n\t\t\t\t<a class=\"elementor-post__thumbnail__link\" href=\"https:\/\/crecertspecialtycoffee.com\/es\/coffee\/eclipse\/\" tabindex=\"-1\" ><div class=\"elementor-post__thumbnail\"><img decoding=\"async\" width=\"768\" height=\"451\" src=\"https:\/\/crecertspecialtycoffee.com\/wp-content\/uploads\/2024\/04\/Screenshot-2025-09-24-at-12.45.49\u202fPM-768x451.png\" class=\"attachment-medium_large size-medium_large wp-image-2072\" alt=\"\" srcset=\"https:\/\/crecertspecialtycoffee.com\/wp-content\/uploads\/2024\/04\/Screenshot-2025-09-24-at-12.45.49\u202fPM-768x451.png 768w, https:\/\/crecertspecialtycoffee.com\/wp-content\/uploads\/2024\/04\/Screenshot-2025-09-24-at-12.45.49\u202fPM-300x176.png 300w, https:\/\/crecertspecialtycoffee.com\/wp-content\/uploads\/2024\/04\/Screenshot-2025-09-24-at-12.45.49\u202fPM-1024x601.png 1024w, https:\/\/crecertspecialtycoffee.com\/wp-content\/uploads\/2024\/04\/Screenshot-2025-09-24-at-12.45.49\u202fPM.png 1516w\" sizes=\"(max-width: 768px) 100vw, 768px\" \/><\/div><\/a>\n\t\t\t\t<div class=\"elementor-post__text\">\n\t\t\t\t<h3 class=\"elementor-post__title\">\n\t\t\t<a href=\"https:\/\/crecertspecialtycoffee.com\/es\/coffee\/eclipse\/\" >\n\t\t\t\tEclipse\t\t\t<\/a>\n\t\t<\/h3>\n\t\t\t\t<div class=\"elementor-post__excerpt\">\n\t\t\t<p>La L\u00ednea Eclipse Eclipse muestra las mejores expresiones de varietales selectos y procesos de fermentaci\u00f3n especializados. Esta l\u00ednea exalta los caf\u00e9s naturales, honeys y lavados,<\/p>\n\t\t<\/div>\n\t\t\t\t\t<div class=\"elementor-post__read-more-wrapper\">\n\t\t\n\t\t<a class=\"elementor-post__read-more\" href=\"https:\/\/crecertspecialtycoffee.com\/es\/coffee\/eclipse\/\" aria-label=\"M\u00e1s informaci\u00f3n sobre Eclipse\" tabindex=\"-1\" >\n\t\t\tConoce m\u00e1s\t\t<\/a>\n\n\t\t\t\t\t<\/div>\n\t\t\t\t<\/div>\n\t\t\t\t\t<\/div>\n\t\t<\/article>\n\t\t\t\t<\/div>\n\t\t\t\t\t<span class=\"e-load-more-spinner\">\n\t\t\t\t<svg aria-hidden=\"true\" class=\"e-font-icon-svg e-fas-spinner\" viewBox=\"0 0 512 512\" xmlns=\"http:\/\/www.w3.org\/2000\/svg\"><path d=\"M304 48c0 26.51-21.49 48-48 48s-48-21.49-48-48 21.49-48 48-48 48 21.49 48 48zm-48 368c-26.51 0-48 21.49-48 48s21.49 48 48 48 48-21.49 48-48-21.49-48-48-48zm208-208c-26.51 0-48 21.49-48 48s21.49 48 48 48 48-21.49 48-48-21.49-48-48-48zM96 256c0-26.51-21.49-48-48-48S0 229.49 0 256s21.49 48 48 48 48-21.49 48-48zm12.922 99.078c-26.51 0-48 21.49-48 48s21.49 48 48 48 48-21.49 48-48c0-26.509-21.491-48-48-48zm294.156 0c-26.51 0-48 21.49-48 48s21.49 48 48 48 48-21.49 48-48c0-26.509-21.49-48-48-48zM108.922 60.922c-26.51 0-48 21.49-48 48s21.49 48 48 48 48-21.49 48-48-21.491-48-48-48z\"><\/path><\/svg>\t\t\t<\/span>\n\t\t\n\t\t\t\t\t\t<\/div>\n\t\t\t\t<\/div>\n\t\t\t\t\t<\/div>\n\t\t\t\t<\/div>\n\t\t<div class=\"elementor-element elementor-element-6242f1a e-flex e-con-boxed e-con e-parent\" data-id=\"6242f1a\" data-element_type=\"container\">\n\t\t\t\t\t<div class=\"e-con-inner\">\n\t\t\t\t<div class=\"elementor-element elementor-element-0b4972a elementor-widget elementor-widget-spacer\" data-id=\"0b4972a\" data-element_type=\"widget\" data-widget_type=\"spacer.default\">\n\t\t\t\t<div class=\"elementor-widget-container\">\n\t\t\t\t\t\t\t<div class=\"elementor-spacer\">\n\t\t\t<div class=\"elementor-spacer-inner\"><\/div>\n\t\t<\/div>\n\t\t\t\t\t\t<\/div>\n\t\t\t\t<\/div>\n\t\t\t\t\t<\/div>\n\t\t\t\t<\/div>\n\t\t\t\t<\/div>\n\t\t","protected":false},"excerpt":{"rendered":"<p>Lleva tu negocio al siguiente nivel Al seleccionar nuestros cultivos, das un paso crucial para enriquecer tu mercado con calidad superior mientras fomentas la sostenibilidad en su origen. Esta elecci\u00f3n refleja un profundo compromiso con la excelencia y la responsabilidad ambiental, marcando una diferencia tangible donde m\u00e1s se necesita. Descubre nuestros caf\u00e9s<\/p>\n","protected":false},"author":1,"featured_media":0,"parent":0,"menu_order":0,"comment_status":"closed","ping_status":"closed","template":"elementor_header_footer","meta":{"_acf_changed":false,"_locale":"es_ES","_original_post":"https:\/\/crecertspecialtycoffee.com\/?page_id=26","iawp_total_views":60,"footnotes":""},"class_list":["post-1453","page","type-page","status-publish","hentry","es-ES"],"acf":[],"_links":{"self":[{"href":"https:\/\/crecertspecialtycoffee.com\/wp-json\/wp\/v2\/pages\/1453","targetHints":{"allow":["GET"]}}],"collection":[{"href":"https:\/\/crecertspecialtycoffee.com\/wp-json\/wp\/v2\/pages"}],"about":[{"href":"https:\/\/crecertspecialtycoffee.com\/wp-json\/wp\/v2\/types\/page"}],"author":[{"embeddable":true,"href":"https:\/\/crecertspecialtycoffee.com\/wp-json\/wp\/v2\/users\/1"}],"replies":[{"embeddable":true,"href":"https:\/\/crecertspecialtycoffee.com\/wp-json\/wp\/v2\/comments?post=1453"}],"version-history":[{"count":10,"href":"https:\/\/crecertspecialtycoffee.com\/wp-json\/wp\/v2\/pages\/1453\/revisions"}],"predecessor-version":[{"id":2115,"href":"https:\/\/crecertspecialtycoffee.com\/wp-json\/wp\/v2\/pages\/1453\/revisions\/2115"}],"wp:attachment":[{"href":"https:\/\/crecertspecialtycoffee.com\/wp-json\/wp\/v2\/media?parent=1453"}],"curies":[{"name":"wp","href":"https:\/\/api.w.org\/{rel}","templated":true}]}}